{"id":235,"date":"2018-04-13T09:26:24","date_gmt":"2018-04-13T09:26:24","guid":{"rendered":"http:\/\/bridge219.qodeinteractive.com\/?page_id=235"},"modified":"2025-02-18T19:31:54","modified_gmt":"2025-02-18T19:31:54","slug":"nariai","status":"publish","type":"page","link":"https:\/\/lsia.lt\/lt\/nariai\/","title":{"rendered":"Nariai"},"content":{"rendered":"<div      class=\"vc_row wpb_row section vc_row-fluid  klase grid_section\" style=' text-align:left;'><div class=\"section_inner clearfix\"><div class='section_inner_margin clearfix'><div class=\"wpb_column vc_column_container vc_col-sm-12\"><div class=\"vc_column-inner\"><div class=\"wpb_wrapper\">\t<div class=\"vc_empty_space\"  style=\"height: 90px\" ><span\n\t\t\tclass=\"vc_empty_space_inner\">\n\t\t\t<span class=\"empty_space_image\"  ><\/span>\n\t\t<\/span><\/div>\n\n<\/div><\/div><\/div><div class=\"wpb_column vc_column_container vc_col-sm-12\"><div class=\"vc_column-inner\"><div class=\"wpb_wrapper\"><\/p>\n<div class=\"qode_clients clearfix five_columns default qode_clients_separators_disabled\"><\/p>\n<div class=\"qode_client_holder\"><div class=\"qode_client_holder_inner\"><div class=\"qode_client_image_holder\"><a itemprop=\"url\" href=\"https:\/\/cementas.lt\/\" target=\"_blank\"><img decoding=\"async\" itemprop=\"image\" class=\"qode_client_main_image\" src=\"https:\/\/lsia.lt\/wp-content\/uploads\/2018\/10\/AC_logo_72dpi_rgb.jpg\" alt=\"\" \/><\/a><\/div><div class=\"qode_client_image_hover\"><\/div><\/div><\/div>\n<div class=\"qode_client_holder\"><div class=\"qode_client_holder_inner\"><div class=\"qode_client_image_holder\"><a itemprop=\"url\" href=\"http:\/\/www.arsk.lt\/\" target=\"_blank\"><img decoding=\"async\" itemprop=\"image\" class=\"qode_client_main_image\" src=\"https:\/\/lsia.lt\/wp-content\/uploads\/2018\/10\/Ariogalos-statybinO\u0301s-konstrukcijos_logotipas.jpg\" alt=\"\" \/><\/a><\/div><div class=\"qode_client_image_hover\"><\/div><\/div><\/div>\n<div class=\"qode_client_holder\"><div class=\"qode_client_holder_inner\"><div class=\"qode_client_image_holder\"><a itemprop=\"url\" href=\"http:\/\/www.estakada.lt\/\" target=\"_blank\"><img decoding=\"async\" itemprop=\"image\" class=\"qode_client_main_image\" src=\"https:\/\/lsia.lt\/wp-content\/uploads\/2018\/10\/Estakada.jpg\" alt=\"\" \/><\/a><\/div><div class=\"qode_client_image_hover\"><\/div><\/div><\/div>\n<div class=\"qode_client_holder\"><div class=\"qode_client_holder_inner\"><div class=\"qode_client_image_holder\"><a itemprop=\"url\" href=\"http:\/\/tgb.lt\/\" target=\"_blank\"><img decoding=\"async\" itemprop=\"image\" class=\"qode_client_main_image\" src=\"https:\/\/lsia.lt\/wp-content\/uploads\/2018\/10\/logo-3-1.jpg\" alt=\"\" \/><\/a><\/div><div class=\"qode_client_image_hover\"><\/div><\/div><\/div>\n<div class=\"qode_client_holder\"><div class=\"qode_client_holder_inner\"><div class=\"qode_client_image_holder\"><a itemprop=\"url\" href=\"http:\/\/www.gelzbetonineskonstrukcijos.lt\/\" target=\"_blank\"><img decoding=\"async\" itemprop=\"image\" class=\"qode_client_main_image\" src=\"https:\/\/lsia.lt\/wp-content\/uploads\/2018\/10\/GB-konstr.logotipas.jpg\" alt=\"\" \/><\/a><\/div><div class=\"qode_client_image_hover\"><\/div><\/div><\/div><\/div>\n<div class=\"qode_clients clearfix five_columns default qode_clients_separators_disabled\"><\/p>\n<div class=\"qode_client_holder\"><div class=\"qode_client_holder_inner\"><div class=\"qode_client_image_holder\"><a itemprop=\"url\" href=\"https:\/\/betonas.heidelbergmaterials.lt\/\" target=\"_blank\"><img decoding=\"async\" itemprop=\"image\" class=\"qode_client_main_image\" src=\"https:\/\/lsia.lt\/wp-content\/uploads\/2025\/02\/HeidelbergMaterials.jpg\" alt=\"\" \/><\/a><\/div><div class=\"qode_client_image_hover\"><\/div><\/div><\/div>\n<div class=\"qode_client_holder\"><div class=\"qode_client_holder_inner\"><div class=\"qode_client_image_holder\"><a itemprop=\"url\" href=\"http:\/\/www.swetrak.lt\/\" target=\"_blank\"><img decoding=\"async\" itemprop=\"image\" class=\"qode_client_main_image\" src=\"https:\/\/lsia.lt\/wp-content\/uploads\/2021\/04\/sateba.jpg\" alt=\"\" \/><\/a><\/div><div class=\"qode_client_image_hover\"><\/div><\/div><\/div>\n<div class=\"qode_client_holder\"><div class=\"qode_client_holder_inner\"><div class=\"qode_client_image_holder\"><a itemprop=\"url\" href=\"http:\/\/www.kaunogelzbetonis.lt\/\" target=\"_blank\"><img decoding=\"async\" itemprop=\"image\" class=\"qode_client_main_image\" src=\"https:\/\/lsia.lt\/wp-content\/uploads\/2018\/10\/Kauno-GB-zenklas.jpg\" alt=\"\" \/><\/a><\/div><div class=\"qode_client_image_hover\"><\/div><\/div><\/div>\n<div class=\"qode_client_holder\"><div class=\"qode_client_holder_inner\"><div class=\"qode_client_image_holder\"><a itemprop=\"url\" href=\"http:\/\/www.lbc.lt\/\" target=\"_blank\"><img decoding=\"async\" itemprop=\"image\" class=\"qode_client_main_image\" src=\"https:\/\/lsia.lt\/wp-content\/uploads\/2018\/10\/LBC-LOGO.png\" alt=\"\" \/><\/a><\/div><div class=\"qode_client_image_hover\"><\/div><\/div><\/div>\n<div class=\"qode_client_holder\"><div class=\"qode_client_holder_inner\"><div class=\"qode_client_image_holder\"><a itemprop=\"url\" href=\"http:\/\/www.milsa.lt\/\" target=\"_blank\"><img decoding=\"async\" itemprop=\"image\" class=\"qode_client_main_image\" src=\"https:\/\/lsia.lt\/wp-content\/uploads\/2019\/02\/MILSA_logo_rgb.jpg\" alt=\"\" \/><\/a><\/div><div class=\"qode_client_image_hover\"><\/div><\/div><\/div>\n<p><\/div>\n<div class=\"qode_clients clearfix five_columns default qode_clients_separators_disabled\"><\/p>\n<div class=\"qode_client_holder\"><div class=\"qode_client_holder_inner\"><div class=\"qode_client_image_holder\"><a itemprop=\"url\" href=\"http:\/\/www.perdanga.lt\/\" target=\"_blank\"><img decoding=\"async\" itemprop=\"image\" class=\"qode_client_main_image\" src=\"https:\/\/lsia.lt\/wp-content\/uploads\/2018\/10\/Perdanga-logo.jpg\" alt=\"\" \/><\/a><\/div><div class=\"qode_client_image_hover\"><\/div><\/div><\/div>\n<div class=\"qode_client_holder\"><div class=\"qode_client_holder_inner\"><div class=\"qode_client_image_holder\"><a itemprop=\"url\" href=\"https:\/\/vilniustech.lt\/statybos-fakultetas\/893\" target=\"_blank\"><img decoding=\"async\" itemprop=\"image\" class=\"qode_client_main_image\" src=\"https:\/\/lsia.lt\/wp-content\/uploads\/2020\/12\/Statybos-Vilnius-Tech.png\" alt=\"\" \/><\/a><\/div><div class=\"qode_client_image_hover\"><\/div><\/div><\/div>\n<div class=\"qode_client_holder\"><div class=\"qode_client_holder_inner\"><div class=\"qode_client_image_holder\"><a itemprop=\"url\" href=\"http:\/\/saf.ktu.edu\/\" target=\"_blank\"><img decoding=\"async\" itemprop=\"image\" class=\"qode_client_main_image\" src=\"https:\/\/lsia.lt\/wp-content\/uploads\/2020\/12\/KTU.jpg\" alt=\"\" \/><\/a><\/div><div class=\"qode_client_image_hover\"><\/div><\/div><\/div>\n<div class=\"qode_client_holder\"><div class=\"qode_client_holder_inner\"><div class=\"qode_client_image_holder\"><a itemprop=\"url\" href=\"http:\/\/www.serfas.lt\/\" target=\"_blank\"><img decoding=\"async\" itemprop=\"image\" class=\"qode_client_main_image\" src=\"https:\/\/lsia.lt\/wp-content\/uploads\/2018\/10\/Serfas.jpg\" alt=\"\" \/><\/a><\/div><div class=\"qode_client_image_hover\"><\/div><\/div><\/div>\n<div class=\"qode_client_holder\"><div class=\"qode_client_holder_inner\"><div class=\"qode_client_image_holder\"><a itemprop=\"url\" href=\"http:\/\/kiwa.lt\/\" target=\"_blank\"><img decoding=\"async\" itemprop=\"image\" class=\"qode_client_main_image\" src=\"https:\/\/lsia.lt\/wp-content\/uploads\/2025\/02\/Kiwa-creating-trust.webp\" alt=\"\" \/><\/a><\/div><div class=\"qode_client_image_hover\"><\/div><\/div><\/div>\n<p><\/div>\n<div class=\"qode_clients clearfix five_columns default qode_clients_separators_disabled\">\n<div class=\"qode_client_holder\"><div class=\"qode_client_holder_inner\"><div class=\"qode_client_image_holder\"><a itemprop=\"url\" href=\"http:\/\/betonika.lt\/\" target=\"_blank\"><img decoding=\"async\" itemprop=\"image\" class=\"qode_client_main_image\" src=\"https:\/\/lsia.lt\/wp-content\/uploads\/2025\/02\/betonika.png\" alt=\"\" \/><\/a><\/div><div class=\"qode_client_image_hover\"><\/div><\/div><\/div>\n<div class=\"qode_client_holder\"><div class=\"qode_client_holder_inner\"><div class=\"qode_client_image_holder\"><a itemprop=\"url\" href=\"http:\/\/peikko.lt\/\" target=\"_blank\"><img decoding=\"async\" itemprop=\"image\" class=\"qode_client_main_image\" src=\"https:\/\/lsia.lt\/wp-content\/uploads\/2025\/02\/PeikkoGroup_logo_new.png\" alt=\"\" \/><\/a><\/div><div class=\"qode_client_image_hover\"><\/div><\/div><\/div>\n<div class=\"qode_client_holder\"><div class=\"qode_client_holder_inner\"><div class=\"qode_client_image_holder\"><a itemprop=\"url\" href=\"https:\/\/ppbaltic.lt\/\" target=\"_blank\"><img decoding=\"async\" itemprop=\"image\" class=\"qode_client_main_image\" src=\"https:\/\/lsia.lt\/wp-content\/uploads\/2025\/02\/PP-BALTIC-Fiber-reinforced-solutions.png\" alt=\"\" \/><\/a><\/div><div class=\"qode_client_image_hover\"><\/div><\/div><\/div>\n\n\n<p><\/div><\/div><\/div><\/div>\n<div class=\"wpb_column vc_column_container vc_col-sm-12\"><div class=\"vc_column-inner\"><div class=\"wpb_wrapper\">\t<div class=\"vc_empty_space\"  style=\"height: 45px\" ><span\n\t\t\tclass=\"vc_empty_space_inner\">\n\t\t\t<span class=\"empty_space_image\"  ><\/span>\n\t\t<\/span><\/div>\n\n<\/div><\/div><\/div><\/div><\/div><\/div><div      class=\"vc_row wpb_row section vc_row-fluid\" style=' text-align:left;'><div class=\"full_section_inner clearfix\"><div class=\"wpb_column vc_column_container vc_col-sm-12\"><div class=\"vc_column-inner\"><div class=\"wpb_wrapper\"><div class=\"separator  normal\" style=\"margin-top: 0px;margin-bottom: 0px;background-color: #d7d8d9;height: 1px;\"><\/div>\n\t<div class=\"vc_empty_space\"  style=\"height: 45px\" ><span\n\t\t\tclass=\"vc_empty_space_inner\">\n\t\t\t<span class=\"empty_space_image\"  ><\/span>\n\t\t<\/span><\/div>\n\n<\/div><\/div><\/div><\/div><\/div><div      class=\"vc_row wpb_row section vc_row-fluid  grid_section\" style=' text-align:left;'><div class=\"section_inner clearfix\"><div class='section_inner_margin clearfix'><div class=\"wpb_column vc_column_container vc_col-sm-2 vc_hidden-sm vc_hidden-xs\"><div class=\"vc_column-inner\"><div class=\"wpb_wrapper\"><\/div><\/div><\/div><div class=\"wpb_column vc_column_container vc_col-sm-8 vc_hidden-sm vc_hidden-xs\"><div class=\"vc_column-inner\"><div class=\"wpb_wrapper\"><div      class=\"vc_row wpb_row section vc_row-fluid vc_inner\" style=' text-align:center;'><div class=\"full_section_inner clearfix\"><div class=\"wpb_column vc_column_container vc_col-sm-6\"><div class=\"vc_column-inner\"><div class=\"wpb_wrapper\">\n\t<div class=\"wpb_text_column wpb_content_element\">\n\t\t<div class=\"wpb_wrapper\">\n\t\t\t<h3>Mus remia<\/h3>\n\n\t\t<\/div> \n\t<\/div> \t<div class=\"vc_empty_space\"  style=\"height: 32px\" ><span\n\t\t\tclass=\"vc_empty_space_inner\">\n\t\t\t<span class=\"empty_space_image\"  ><\/span>\n\t\t<\/span><\/div>\n\n<\/div><\/div><\/div><div class=\"wpb_column vc_column_container vc_col-sm-6 vc_col-has-fill\"><div class=\"vc_column-inner vc_custom_1539676709941\"><div class=\"wpb_wrapper\">\n\t<div class=\"wpb_text_column wpb_content_element\">\n\t\t<div class=\"wpb_wrapper\">\n\t\t\t<p><span class=\"s2\">UAB \u201eGelgaudi\u0161kio gel\u017ebetonis&#8221;<\/span><\/p>\n\n\t\t<\/div> \n\t<\/div> \t<div class=\"vc_empty_space\"  style=\"height: 10px\" ><span\n\t\t\tclass=\"vc_empty_space_inner\">\n\t\t\t<span class=\"empty_space_image\"  ><\/span>\n\t\t<\/span><\/div>\n\n\n\t<div class=\"wpb_single_image wpb_content_element vc_align_center\">\n\t\t<div class=\"wpb_wrapper\">\n\t\t\t\n\t\t\t<a href=\"http:\/\/www.glg.lt\/\" target=\"_self\"><div class=\"vc_single_image-wrapper   vc_box_border_grey\"><img loading=\"lazy\" decoding=\"async\" class=\"vc_single_image-img\" src=\"https:\/\/lsia.lt\/wp-content\/uploads\/2018\/10\/Gelgaudis\u030ckis-LOGO-1-160x160.jpg\" width=\"160\" height=\"160\" alt=\"Gelgaudis\u030ckis LOGO (1)\" title=\"Gelgaudis\u030ckis LOGO (1)\" \/><\/div><\/a>\n\t\t<\/div>\n\t<\/div>\n\t<div class=\"vc_empty_space\"  style=\"height: 10px\" ><span\n\t\t\tclass=\"vc_empty_space_inner\">\n\t\t\t<span class=\"empty_space_image\"  ><\/span>\n\t\t<\/span><\/div>\n\n\n\t<div class=\"wpb_text_column wpb_content_element\">\n\t\t<div class=\"wpb_wrapper\">\n\t\t\t<p>Vakar\u0173 g. 33D, 71431 Gelgaudi\u0161kis, \u0160aki\u0173 r. sav.<\/p>\n\n\t\t<\/div> \n\t<\/div> <\/div><\/div><\/div><\/div><\/div>\t<div class=\"vc_empty_space\"  style=\"height: 90px\" ><span\n\t\t\tclass=\"vc_empty_space_inner\">\n\t\t\t<span class=\"empty_space_image\"  ><\/span>\n\t\t<\/span><\/div>\n\n<\/div><\/div><\/div><div class=\"wpb_column vc_column_container vc_col-sm-2 vc_hidden-sm vc_hidden-xs\"><div class=\"vc_column-inner\"><div class=\"wpb_wrapper\"><\/div><\/div><\/div><\/div><\/div><\/div><div      class=\"vc_row wpb_row section vc_row-fluid  grid_section\" style=' text-align:left;'><div class=\"section_inner clearfix\"><div class='section_inner_margin clearfix'><div class=\"wpb_column vc_column_container vc_col-sm-2 vc_hidden-lg vc_hidden-md\"><div class=\"vc_column-inner\"><div class=\"wpb_wrapper\"><\/div><\/div><\/div><div class=\"wpb_column vc_column_container vc_col-sm-8 vc_hidden-lg vc_hidden-md\"><div class=\"vc_column-inner\"><div class=\"wpb_wrapper\"><div      class=\"vc_row wpb_row section vc_row-fluid vc_inner\" style=' text-align:center;'><div class=\"full_section_inner clearfix\"><div class=\"wpb_column vc_column_container vc_col-sm-12\"><div class=\"vc_column-inner\"><div class=\"wpb_wrapper\">\n\t<div class=\"wpb_text_column wpb_content_element\">\n\t\t<div class=\"wpb_wrapper\">\n\t\t\t<h3>Mus remia<\/h3>\n\n\t\t<\/div> \n\t<\/div> \t<div class=\"vc_empty_space\"  style=\"height: 32px\" ><span\n\t\t\tclass=\"vc_empty_space_inner\">\n\t\t\t<span class=\"empty_space_image\"  ><\/span>\n\t\t<\/span><\/div>\n\n\n\t<div class=\"wpb_text_column wpb_content_element\">\n\t\t<div class=\"wpb_wrapper\">\n\t\t\t<p><span class=\"s2\">UAB \u201eGelgaudi\u0161kio gel\u017ebetonis&#8221;<\/span><\/p>\n\n\t\t<\/div> \n\t<\/div> \t<div class=\"vc_empty_space\"  style=\"height: 10px\" ><span\n\t\t\tclass=\"vc_empty_space_inner\">\n\t\t\t<span class=\"empty_space_image\"  ><\/span>\n\t\t<\/span><\/div>\n\n\n\t<div class=\"wpb_single_image wpb_content_element vc_align_center\">\n\t\t<div class=\"wpb_wrapper\">\n\t\t\t\n\t\t\t<a href=\"http:\/\/www.glg.lt\/\" target=\"_self\"><div class=\"vc_single_image-wrapper   vc_box_border_grey\"><img loading=\"lazy\" decoding=\"async\" class=\"vc_single_image-img\" src=\"https:\/\/lsia.lt\/wp-content\/uploads\/2018\/10\/Gelgaudis\u030ckis-LOGO-1-90x90.jpg\" width=\"90\" height=\"90\" alt=\"Gelgaudis\u030ckis LOGO (1)\" title=\"Gelgaudis\u030ckis LOGO (1)\" \/><\/div><\/a>\n\t\t<\/div>\n\t<\/div>\n\t<div class=\"vc_empty_space\"  style=\"height: 10px\" ><span\n\t\t\tclass=\"vc_empty_space_inner\">\n\t\t\t<span class=\"empty_space_image\"  ><\/span>\n\t\t<\/span><\/div>\n\n\n\t<div class=\"wpb_text_column wpb_content_element\">\n\t\t<div class=\"wpb_wrapper\">\n\t\t\t<p><span class=\"s2\">Taikos g.76A, 71430 \u0160aki\u0173 r.<\/span><\/p>\n\n\t\t<\/div> \n\t<\/div> <\/div><\/div><\/div><\/div><\/div>\t<div class=\"vc_empty_space\"  style=\"height: 90px\" ><span\n\t\t\tclass=\"vc_empty_space_inner\">\n\t\t\t<span class=\"empty_space_image\"  ><\/span>\n\t\t<\/span><\/div>\n\n<\/div><\/div><\/div><div class=\"wpb_column vc_column_container vc_col-sm-2 vc_hidden-lg vc_hidden-md\"><div class=\"vc_column-inner\"><div class=\"wpb_wrapper\"><\/div><\/div><\/div><\/div><\/div><\/div>","protected":false},"excerpt":{"rendered":"We are supported UAB \u201eGelgaudi\u0161kio gel\u017ebetonis\" Vakar\u0173 g. 33D, 71431 Gelgaudi\u0161kis, \u0160aki\u0173 r. sav. Mus remia UAB \u201eGelgaudi\u0161kio gel\u017ebetonis\" Taikos g.76A, 71430 \u0160aki\u0173 r.","protected":false},"author":1,"featured_media":0,"parent":0,"menu_order":0,"comment_status":"closed","ping_status":"closed","template":"full_width.php","meta":{"footnotes":""},"class_list":["post-235","page","type-page","status-publish","hentry"],"_links":{"self":[{"href":"https:\/\/lsia.lt\/lt\/wp-json\/wp\/v2\/pages\/235","targetHints":{"allow":["GET"]}}],"collection":[{"href":"https:\/\/lsia.lt\/lt\/wp-json\/wp\/v2\/pages"}],"about":[{"href":"https:\/\/lsia.lt\/lt\/wp-json\/wp\/v2\/types\/page"}],"author":[{"embeddable":true,"href":"https:\/\/lsia.lt\/lt\/wp-json\/wp\/v2\/users\/1"}],"replies":[{"embeddable":true,"href":"https:\/\/lsia.lt\/lt\/wp-json\/wp\/v2\/comments?post=235"}],"version-history":[{"count":63,"href":"https:\/\/lsia.lt\/lt\/wp-json\/wp\/v2\/pages\/235\/revisions"}],"predecessor-version":[{"id":1117,"href":"https:\/\/lsia.lt\/lt\/wp-json\/wp\/v2\/pages\/235\/revisions\/1117"}],"wp:attachment":[{"href":"https:\/\/lsia.lt\/lt\/wp-json\/wp\/v2\/media?parent=235"}],"curies":[{"name":"wp","href":"https:\/\/api.w.org\/{rel}","templated":true}]}}