{"id":360,"date":"2018-04-10T08:22:17","date_gmt":"2018-04-10T08:22:17","guid":{"rendered":"http:\/\/bridge219.qodeinteractive.com\/?page_id=4"},"modified":"2020-02-03T21:08:00","modified_gmt":"2020-02-03T21:08:00","slug":"pagrindinis-puslapis","status":"publish","type":"page","link":"https:\/\/lsia.lt\/lt\/","title":{"rendered":"Pagrindinis puslapis"},"content":{"rendered":"<div      class=\"vc_row wpb_row section vc_row-fluid  vc_custom_1538574778780\" style=' text-align:left;'><div class=\" full_section_inner clearfix\"><div class=\"wpb_column vc_column_container vc_col-sm-12\"><div class=\"vc_column-inner \"><div class=\"wpb_wrapper\"><div class=\"wpb_revslider_element wpb_content_element\"><link href=\"https:\/\/fonts.googleapis.com\/css?family=Work+Sans:700%7COpen+Sans:400%2C600\" rel=\"stylesheet\" property=\"stylesheet\" type=\"text\/css\" media=\"all\">\n<div id=\"rev_slider_2_1_wrapper\" class=\"rev_slider_wrapper fullwidthbanner-container\" data-source=\"gallery\" style=\"margin:0px auto;background:transparent;padding:0px;margin-top:0px;margin-bottom:0px;\">\n<!-- START REVOLUTION SLIDER 5.4.8 fullwidth mode -->\n\t<div id=\"rev_slider_2_1\" class=\"rev_slider fullwidthabanner\" style=\"display:none;\" data-version=\"5.4.8\">\n<ul>\t<!-- SLIDE  -->\n\t<li data-index=\"rs-3\" data-transition=\"fade\" data-slotamount=\"default\" data-hideafterloop=\"0\" data-hideslideonmobile=\"off\"  data-easein=\"default\" data-easeout=\"default\" data-masterspeed=\"300\"  data-rotate=\"0\"  data-saveperformance=\"off\"  data-title=\"Slide\" data-param1=\"\" data-param2=\"\" data-param3=\"\" data-param4=\"\" data-param5=\"\" data-param6=\"\" data-param7=\"\" data-param8=\"\" data-param9=\"\" data-param10=\"\" data-description=\"\">\n\t\t<!-- MAIN IMAGE -->\n\t\t<img loading=\"lazy\" decoding=\"async\" src=\"https:\/\/lsia.lt\/wp-content\/uploads\/2018\/10\/slider2.jpg\"  alt=\"\" title=\"Crane lifting  concrete frameworks, shutterings and heavy prefab\"  width=\"1920\" height=\"1187\" data-bgposition=\"center center\" data-kenburns=\"on\" data-duration=\"25000\" data-ease=\"Linear.easeNone\" data-scalestart=\"100\" data-scaleend=\"120\" data-rotatestart=\"0\" data-rotateend=\"0\" data-blurstart=\"0\" data-blurend=\"0\" data-offsetstart=\"0 0\" data-offsetend=\"0 0\" class=\"rev-slidebg\" data-no-retina>\n\t\t<!-- LAYERS -->\n\n\t\t<!-- LAYER NR. 1 -->\n\t\t<div class=\"tp-caption   tp-resizeme\" \n\t\t\t id=\"slide-3-layer-1\" \n\t\t\t data-x=\"['left','left','left','left']\" data-hoffset=\"['50','50','50','25']\" \n\t\t\t data-y=\"['middle','middle','middle','middle']\" data-voffset=\"['-70','-70','-70','-70']\" \n\t\t\t\t\t\tdata-fontsize=\"['70','70','70','55']\"\n\t\t\tdata-lineheight=\"['75','75','75','60']\"\n\t\t\tdata-width=\"none\"\n\t\t\tdata-height=\"none\"\n\t\t\tdata-whitespace=\"nowrap\"\n \n\t\t\tdata-type=\"text\" \n\t\t\tdata-responsive_offset=\"on\" \n\n\t\t\tdata-frames='[{\"delay\":300.00030517578125,\"speed\":800,\"frame\":\"0\",\"from\":\"x:50px;opacity:0;\",\"to\":\"o:1;\",\"ease\":\"Power3.easeInOut\"},{\"delay\":\"wait\",\"speed\":300,\"frame\":\"999\",\"to\":\"opacity:0;\",\"ease\":\"Power3.easeInOut\"}]'\n\t\t\tdata-textAlign=\"['inherit','inherit','inherit','inherit']\"\n\t\t\tdata-paddingtop=\"[0,0,0,0]\"\n\t\t\tdata-paddingright=\"[0,0,0,0]\"\n\t\t\tdata-paddingbottom=\"[0,0,0,0]\"\n\t\t\tdata-paddingleft=\"[0,0,0,0]\"\n\n\t\t\tstyle=\"z-index: 5; white-space: nowrap; font-size: 70px; line-height: 75px; font-weight: 700; color: #ffffff; letter-spacing: 0px;font-family:Work Sans;\">Concrete and<br>reinforced concrete <\/div>\n\n\t\t<!-- LAYER NR. 2 -->\n\t\t<div class=\"tp-caption   tp-resizeme\" \n\t\t\t id=\"slide-3-layer-2\" \n\t\t\t data-x=\"['left','left','left','left']\" data-hoffset=\"['50','50','50','25']\" \n\t\t\t data-y=\"['middle','middle','middle','middle']\" data-voffset=\"['50','50','50','30']\" \n\t\t\t\t\t\tdata-fontsize=\"['24','24','24','22']\"\n\t\t\tdata-lineheight=\"['24','24','24','22']\"\n\t\t\tdata-width=\"none\"\n\t\t\tdata-height=\"none\"\n\t\t\tdata-whitespace=\"nowrap\"\n \n\t\t\tdata-type=\"text\" \n\t\t\tdata-responsive_offset=\"on\" \n\n\t\t\tdata-frames='[{\"delay\":600.0003051757812,\"speed\":800,\"frame\":\"0\",\"from\":\"x:50px;opacity:0;\",\"to\":\"o:1;\",\"ease\":\"Power3.easeInOut\"},{\"delay\":\"wait\",\"speed\":300,\"frame\":\"999\",\"to\":\"opacity:0;\",\"ease\":\"Power3.easeInOut\"}]'\n\t\t\tdata-textAlign=\"['inherit','inherit','inherit','inherit']\"\n\t\t\tdata-paddingtop=\"[0,0,0,0]\"\n\t\t\tdata-paddingright=\"[0,0,0,0]\"\n\t\t\tdata-paddingbottom=\"[0,0,0,0]\"\n\t\t\tdata-paddingleft=\"[0,0,0,0]\"\n\n\t\t\tstyle=\"z-index: 6; white-space: nowrap; font-size: 24px; line-height: 24px; font-weight: 400; color: #ffffff; letter-spacing: 1px;font-family:Open Sans;\">Durable, eco-friendly and reliable! <\/div>\n\n\t\t<!-- LAYER NR. 3 -->\n\t\t<div class=\"tp-caption rev-btn \" \n\t\t\t id=\"slide-3-layer-5\" \n\t\t\t data-x=\"['left','left','left','left']\" data-hoffset=\"['50','50','50','26']\" \n\t\t\t data-y=\"['middle','middle','middle','middle']\" data-voffset=\"['130','130','130','110']\" \n\t\t\t\t\t\tdata-width=\"none\"\n\t\t\tdata-height=\"none\"\n\t\t\tdata-whitespace=\"nowrap\"\n \n\t\t\tdata-type=\"button\" \n\t\t\tdata-actions='[{\"event\":\"click\",\"action\":\"simplelink\",\"target\":\"_self\",\"url\":\"http:\\\/\\\/lsia.lt\\\/apie\\\/\",\"delay\":\"\"}]'\n\t\t\tdata-responsive_offset=\"on\" \n\t\t\tdata-responsive=\"off\"\n\t\t\tdata-frames='[{\"delay\":900.0003051757812,\"speed\":800,\"frame\":\"0\",\"from\":\"x:50px;opacity:0;\",\"to\":\"o:1;\",\"ease\":\"Power3.easeInOut\"},{\"delay\":\"wait\",\"speed\":300,\"frame\":\"999\",\"to\":\"opacity:0;\",\"ease\":\"Power3.easeInOut\"},{\"frame\":\"hover\",\"speed\":\"0\",\"ease\":\"Linear.easeNone\",\"to\":\"o:1;rX:0;rY:0;rZ:0;z:0;\",\"style\":\"c:rgba(0,0,0,1);bg:rgba(255,255,255,1);bs:solid;bw:0 0 0 0;\"}]'\n\t\t\tdata-textAlign=\"['inherit','inherit','inherit','inherit']\"\n\t\t\tdata-paddingtop=\"[14,14,14,14]\"\n\t\t\tdata-paddingright=\"[35,35,35,35]\"\n\t\t\tdata-paddingbottom=\"[14,14,14,14]\"\n\t\t\tdata-paddingleft=\"[35,35,35,35]\"\n\n\t\t\tstyle=\"z-index: 7; white-space: nowrap; font-size: 14px; line-height: 24px; font-weight: 600; color: #333333; letter-spacing: 1px;font-family:Open Sans;text-transform:uppercase;background-color:rgb(255,245,0);border-color:rgba(0,0,0,1);border-radius:3px 3px 3px 3px;outline:none;box-shadow:none;box-sizing:border-box;-moz-box-sizing:border-box;-webkit-box-sizing:border-box;cursor:pointer;\">About the association <\/div>\n\t<\/li>\n\t<!-- SLIDE  -->\n\t<li data-index=\"rs-4\" data-transition=\"fade\" data-slotamount=\"default\" data-hideafterloop=\"0\" data-hideslideonmobile=\"off\"  data-easein=\"default\" data-easeout=\"default\" data-masterspeed=\"300\"  data-rotate=\"0\"  data-saveperformance=\"off\"  data-title=\"Slide\" data-param1=\"\" data-param2=\"\" data-param3=\"\" data-param4=\"\" data-param5=\"\" data-param6=\"\" data-param7=\"\" data-param8=\"\" data-param9=\"\" data-param10=\"\" data-description=\"\">\n\t\t<!-- MAIN IMAGE -->\n\t\t<img loading=\"lazy\" decoding=\"async\" src=\"https:\/\/lsia.lt\/wp-content\/uploads\/2018\/10\/slider3.jpg\"  alt=\"\" title=\"Concrete tubes\"  width=\"1920\" height=\"1280\" data-bgposition=\"center center\" data-kenburns=\"on\" data-duration=\"25000\" data-ease=\"Linear.easeNone\" data-scalestart=\"100\" data-scaleend=\"120\" data-rotatestart=\"0\" data-rotateend=\"0\" data-blurstart=\"0\" data-blurend=\"0\" data-offsetstart=\"0 0\" data-offsetend=\"0 0\" class=\"rev-slidebg\" data-no-retina>\n\t\t<!-- LAYERS -->\n\n\t\t<!-- LAYER NR. 4 -->\n\t\t<div class=\"tp-caption   tp-resizeme\" \n\t\t\t id=\"slide-4-layer-1\" \n\t\t\t data-x=\"['left','left','left','left']\" data-hoffset=\"['50','50','50','25']\" \n\t\t\t data-y=\"['middle','middle','middle','middle']\" data-voffset=\"['-70','-70','-70','-70']\" \n\t\t\t\t\t\tdata-fontsize=\"['70','70','70','55']\"\n\t\t\tdata-lineheight=\"['75','75','75','60']\"\n\t\t\tdata-width=\"none\"\n\t\t\tdata-height=\"none\"\n\t\t\tdata-whitespace=\"nowrap\"\n \n\t\t\tdata-type=\"text\" \n\t\t\tdata-responsive_offset=\"on\" \n\n\t\t\tdata-frames='[{\"delay\":300,\"speed\":800,\"frame\":\"0\",\"from\":\"x:50px;opacity:0;\",\"to\":\"o:1;\",\"ease\":\"Power3.easeInOut\"},{\"delay\":\"wait\",\"speed\":300,\"frame\":\"999\",\"to\":\"opacity:0;\",\"ease\":\"Power3.easeInOut\"}]'\n\t\t\tdata-textAlign=\"['inherit','inherit','inherit','inherit']\"\n\t\t\tdata-paddingtop=\"[0,0,0,0]\"\n\t\t\tdata-paddingright=\"[0,0,0,0]\"\n\t\t\tdata-paddingbottom=\"[0,0,0,0]\"\n\t\t\tdata-paddingleft=\"[0,0,0,0]\"\n\n\t\t\tstyle=\"z-index: 5; white-space: nowrap; font-size: 70px; line-height: 75px; font-weight: 700; color: #ffffff; letter-spacing: 0px;font-family:Work Sans;\">Betonas ir<br>gel\u017ebetonis. <\/div>\n\n\t\t<!-- LAYER NR. 5 -->\n\t\t<div class=\"tp-caption   tp-resizeme\" \n\t\t\t id=\"slide-4-layer-2\" \n\t\t\t data-x=\"['left','left','left','left']\" data-hoffset=\"['50','50','50','25']\" \n\t\t\t data-y=\"['middle','middle','middle','middle']\" data-voffset=\"['50','50','50','30']\" \n\t\t\t\t\t\tdata-fontsize=\"['24','24','24','22']\"\n\t\t\tdata-lineheight=\"['24','24','24','22']\"\n\t\t\tdata-width=\"none\"\n\t\t\tdata-height=\"none\"\n\t\t\tdata-whitespace=\"nowrap\"\n \n\t\t\tdata-type=\"text\" \n\t\t\tdata-responsive_offset=\"on\" \n\n\t\t\tdata-frames='[{\"delay\":600,\"speed\":800,\"frame\":\"0\",\"from\":\"x:50px;opacity:0;\",\"to\":\"o:1;\",\"ease\":\"Power3.easeInOut\"},{\"delay\":\"wait\",\"speed\":300,\"frame\":\"999\",\"to\":\"opacity:0;\",\"ease\":\"Power3.easeInOut\"}]'\n\t\t\tdata-textAlign=\"['inherit','inherit','inherit','inherit']\"\n\t\t\tdata-paddingtop=\"[0,0,0,0]\"\n\t\t\tdata-paddingright=\"[0,0,0,0]\"\n\t\t\tdata-paddingbottom=\"[0,0,0,0]\"\n\t\t\tdata-paddingleft=\"[0,0,0,0]\"\n\n\t\t\tstyle=\"z-index: 6; white-space: nowrap; font-size: 24px; line-height: 24px; font-weight: 400; color: #ffffff; letter-spacing: 1px;font-family:Open Sans;\">Ilgalaiki\u0161ka, ekologi\u0161ka ir patikima! <\/div>\n\n\t\t<!-- LAYER NR. 6 -->\n\t\t<div class=\"tp-caption rev-btn \" \n\t\t\t id=\"slide-4-layer-5\" \n\t\t\t data-x=\"['left','left','left','left']\" data-hoffset=\"['50','50','50','26']\" \n\t\t\t data-y=\"['middle','middle','middle','middle']\" data-voffset=\"['130','130','130','110']\" \n\t\t\t\t\t\tdata-width=\"none\"\n\t\t\tdata-height=\"none\"\n\t\t\tdata-whitespace=\"nowrap\"\n \n\t\t\tdata-type=\"button\" \n\t\t\tdata-actions='[{\"event\":\"click\",\"action\":\"simplelink\",\"target\":\"_self\",\"url\":\"http:\\\/\\\/lsia.lt\\\/veikla\\\/\",\"delay\":\"\"}]'\n\t\t\tdata-responsive_offset=\"on\" \n\t\t\tdata-responsive=\"off\"\n\t\t\tdata-frames='[{\"delay\":900,\"speed\":800,\"frame\":\"0\",\"from\":\"x:50px;opacity:0;\",\"to\":\"o:1;\",\"ease\":\"Power3.easeInOut\"},{\"delay\":\"wait\",\"speed\":300,\"frame\":\"999\",\"to\":\"opacity:0;\",\"ease\":\"Power3.easeInOut\"},{\"frame\":\"hover\",\"speed\":\"0\",\"ease\":\"Linear.easeNone\",\"to\":\"o:1;rX:0;rY:0;rZ:0;z:0;\",\"style\":\"c:rgba(0,0,0,1);bg:rgba(255,255,255,1);bs:solid;bw:0 0 0 0;\"}]'\n\t\t\tdata-textAlign=\"['inherit','inherit','inherit','inherit']\"\n\t\t\tdata-paddingtop=\"[14,14,14,14]\"\n\t\t\tdata-paddingright=\"[35,35,35,35]\"\n\t\t\tdata-paddingbottom=\"[14,14,14,14]\"\n\t\t\tdata-paddingleft=\"[35,35,35,35]\"\n\n\t\t\tstyle=\"z-index: 7; white-space: nowrap; font-size: 14px; line-height: 24px; font-weight: 600; color: #333333; letter-spacing: 1px;font-family:Open Sans;text-transform:uppercase;background-color:rgb(255,245,0);border-color:rgba(0,0,0,1);border-radius:3px 3px 3px 3px;outline:none;box-shadow:none;box-sizing:border-box;-moz-box-sizing:border-box;-webkit-box-sizing:border-box;cursor:pointer;\">M\u016bs\u0173 veikla <\/div>\n\t<\/li>\n<\/ul>\n<div class=\"tp-bannertimer tp-bottom\" style=\"visibility: hidden !important;\"><\/div>\t<\/div>\n<script>var htmlDiv = document.getElementById(\"rs-plugin-settings-inline-css\"); var htmlDivCss=\"\";\n\t\t\t\tif(htmlDiv) {\n\t\t\t\t\thtmlDiv.innerHTML = htmlDiv.innerHTML + htmlDivCss;\n\t\t\t\t}else{\n\t\t\t\t\tvar htmlDiv = document.createElement(\"div\");\n\t\t\t\t\thtmlDiv.innerHTML = \"<style>\" + htmlDivCss + \"<\/style>\";\n\t\t\t\t\tdocument.getElementsByTagName(\"head\")[0].appendChild(htmlDiv.childNodes[0]);\n\t\t\t\t}\n\t\t\t<\/script>\n\t\t<script type=\"text\/javascript\">\nif (setREVStartSize!==undefined) setREVStartSize(\n\t{c: '#rev_slider_2_1', responsiveLevels: [1240,1024,778,480], gridwidth: [1200,1100,778,480], gridheight: [680,570,600,650], sliderLayout: 'fullwidth'});\n\t\t\t\nvar revapi2,\n\ttpj;\t\n(function() {\t\t\t\n\tif (!\/loaded|interactive|complete\/.test(document.readyState)) document.addEventListener(\"DOMContentLoaded\",onLoad); else onLoad();\t\n\tfunction onLoad() {\t\t\t\t\n\t\tif (tpj===undefined) { tpj = jQuery; if(\"off\" == \"on\") tpj.noConflict();}\n\tif(tpj(\"#rev_slider_2_1\").revolution == undefined){\n\t\trevslider_showDoubleJqueryError(\"#rev_slider_2_1\");\n\t}else{\n\t\trevapi2 = tpj(\"#rev_slider_2_1\").show().revolution({\n\t\t\tsliderType:\"standard\",\n\t\t\tjsFileLocation:\"\/\/lsia.lt\/wp-content\/plugins\/revslider\/public\/assets\/js\/\",\n\t\t\tsliderLayout:\"fullwidth\",\n\t\t\tdottedOverlay:\"none\",\n\t\t\tdelay:5000,\n\t\t\tnavigation: {\n\t\t\t\tonHoverStop:\"off\",\n\t\t\t},\n\t\t\tresponsiveLevels:[1240,1024,778,480],\n\t\t\tvisibilityLevels:[1240,1024,778,480],\n\t\t\tgridwidth:[1200,1100,778,480],\n\t\t\tgridheight:[680,570,600,650],\n\t\t\tlazyType:\"none\",\n\t\t\tshadow:0,\n\t\t\tspinner:\"spinner0\",\n\t\t\tstopLoop:\"off\",\n\t\t\tstopAfterLoops:-1,\n\t\t\tstopAtSlide:-1,\n\t\t\tshuffle:\"off\",\n\t\t\tautoHeight:\"off\",\n\t\t\tdisableProgressBar:\"on\",\n\t\t\thideThumbsOnMobile:\"off\",\n\t\t\thideSliderAtLimit:0,\n\t\t\thideCaptionAtLimit:0,\n\t\t\thideAllCaptionAtLilmit:0,\n\t\t\tdebugMode:false,\n\t\t\tfallbacks: {\n\t\t\t\tsimplifyAll:\"off\",\n\t\t\t\tnextSlideOnWindowFocus:\"off\",\n\t\t\t\tdisableFocusListener:false,\n\t\t\t}\n\t\t});\n\t}; \/* END OF revapi call *\/\n\t\n }; \/* END OF ON LOAD FUNCTION *\/\n}()); \/* END OF WRAPPING FUNCTION *\/\n<\/script>\n\t\t<\/div><!-- END REVOLUTION SLIDER --><\/div><\/div><\/div><\/div><\/div><\/div><div      class=\"vc_row wpb_row section vc_row-fluid  vc_custom_1538567589529 grid_section\" style=' text-align:center;'><div class=\" section_inner clearfix\"><div class='section_inner_margin clearfix'><div class=\"wpb_column vc_column_container vc_col-sm-2\"><div class=\"vc_column-inner \"><div class=\"wpb_wrapper\"><\/div><\/div><\/div><div class=\"wpb_column vc_column_container vc_col-sm-8\"><div class=\"vc_column-inner \"><div class=\"wpb_wrapper\">\n\t<div class=\"wpb_text_column wpb_content_element \">\n\t\t<div class=\"wpb_wrapper\">\n\t\t\t<h1>About us<\/h1>\n\n\t\t<\/div> \n\t<\/div> \t<div class=\"vc_empty_space\"  style=\"height: 32px\" ><span\n\t\t\tclass=\"vc_empty_space_inner\">\n\t\t\t<span class=\"empty_space_image\"  ><\/span>\n\t\t<\/span><\/div>\n\n\n\t<div class=\"wpb_text_column wpb_content_element \">\n\t\t<div class=\"wpb_wrapper\">\n\t\t\t<h5 class=\"p1\">Construction Industry Association established in 1994 unites manufacturers of concrete and reinforced concrete and materials needed for this purpose.<\/h5>\n\n\t\t<\/div> \n\t<\/div> \t<div class=\"vc_empty_space\"  style=\"height: 45px\" ><span\n\t\t\tclass=\"vc_empty_space_inner\">\n\t\t\t<span class=\"empty_space_image\"  ><\/span>\n\t\t<\/span><\/div>\n\n<a  itemprop=\"url\" href=\"http:\/\/lsia.lt\/apie\/\" target=\"_self\"  class=\"qbutton  default  qode-button-shadow\" style=\"\">More<\/a>\t<div class=\"vc_empty_space\"  style=\"height: 90px\" ><span\n\t\t\tclass=\"vc_empty_space_inner\">\n\t\t\t<span class=\"empty_space_image\"  ><\/span>\n\t\t<\/span><\/div>\n\n<\/div><\/div><\/div><div class=\"wpb_column vc_column_container vc_col-sm-2\"><div class=\"vc_column-inner \"><div class=\"wpb_wrapper\"><\/div><\/div><\/div><\/div><\/div><\/div><div      class=\"vc_row wpb_row section vc_row-fluid  vc_custom_1538574843059\" style=' text-align:left;'><div class=\" full_section_inner clearfix\"><div class=\"wpb_column vc_column_container vc_col-sm-12\"><div class=\"vc_column-inner \"><div class=\"wpb_wrapper\"><div      class=\"vc_row wpb_row section vc_row-fluid vc_inner  grid_section\" style=' text-align:left;'><div class=\" section_inner clearfix\"><div class='section_inner_margin clearfix'><div class=\"wpb_column vc_column_container vc_col-sm-12\"><div class=\"vc_column-inner vc_custom_1538567571898\"><div class=\"wpb_wrapper\"><div class=\"qode_content_slider  has_control_nav\" data-interval=\"5\"  data-control=\"true\"  ><div class=\"qode_content_slider_inner\"><div class=\"qode_content_slider_item\"><div class='q_elements_holder one_column responsive_mode_from_768' ><div class='q_elements_item ' data-animation='no'><div class='q_elements_item_inner'><div class='q_elements_item_content q_elements_holder_custom_778889' style='padding:0px'>\n\t<div class=\"wpb_single_image wpb_content_element vc_align_center  vc_custom_1541515689028\">\n\t\t<div class=\"wpb_wrapper\">\n\t\t\t\n\t\t\t<div class=\"vc_single_image-wrapper   vc_box_border_grey\"><img loading=\"lazy\" decoding=\"async\" class=\"vc_single_image-img \" src=\"https:\/\/lsia.lt\/wp-content\/uploads\/2018\/11\/Untitled-2.jpg\" width=\"1100\" height=\"500\" alt=\"Untitled-2\" title=\"Untitled-2\" \/><\/div>\n\t\t<\/div>\n\t<\/div>\n<\/div><\/div><\/div><\/div><\/div><div class=\"qode_content_slider_item\"><div class='q_elements_holder one_column responsive_mode_from_768' ><div class='q_elements_item ' data-animation='no'><div class='q_elements_item_inner'><div class='q_elements_item_content q_elements_holder_custom_436231' style='padding:0px'>\n\t<div class=\"wpb_single_image wpb_content_element vc_align_center  vc_custom_1540211386306\">\n\t\t<div class=\"wpb_wrapper\">\n\t\t\t\n\t\t\t<div class=\"vc_single_image-wrapper   vc_box_border_grey\"><img loading=\"lazy\" decoding=\"async\" class=\"vc_single_image-img \" src=\"https:\/\/lsia.lt\/wp-content\/uploads\/2018\/10\/Gaminiai-4-1100x500.jpg\" width=\"1100\" height=\"500\" alt=\"Gaminiai-4\" title=\"Gaminiai-4\" \/><\/div>\n\t\t<\/div>\n\t<\/div>\n<\/div><\/div><\/div><\/div><\/div><div class=\"qode_content_slider_item\"><div class='q_elements_holder one_column responsive_mode_from_768' ><div class='q_elements_item ' data-animation='no'><div class='q_elements_item_inner'><div class='q_elements_item_content q_elements_holder_custom_496459' style='padding:0px'>\n\t<div class=\"wpb_single_image wpb_content_element vc_align_center  vc_custom_1540211427642\">\n\t\t<div class=\"wpb_wrapper\">\n\t\t\t\n\t\t\t<div class=\"vc_single_image-wrapper   vc_box_border_grey\"><img loading=\"lazy\" decoding=\"async\" class=\"vc_single_image-img \" src=\"https:\/\/lsia.lt\/wp-content\/uploads\/2018\/10\/Gaminiai-7-1100x500.jpg\" width=\"1100\" height=\"500\" alt=\"Gaminiai-7\" title=\"Gaminiai-7\" \/><\/div>\n\t\t<\/div>\n\t<\/div>\n<\/div><\/div><\/div><\/div><\/div><div class=\"qode_content_slider_item\"><div class='q_elements_holder one_column responsive_mode_from_768' ><div class='q_elements_item ' data-animation='no'><div class='q_elements_item_inner'><div class='q_elements_item_content q_elements_holder_custom_979976' style='padding:0px'>\n\t<div class=\"wpb_single_image wpb_content_element vc_align_center  vc_custom_1540211442016\">\n\t\t<div class=\"wpb_wrapper\">\n\t\t\t\n\t\t\t<div class=\"vc_single_image-wrapper   vc_box_border_grey\"><img loading=\"lazy\" decoding=\"async\" class=\"vc_single_image-img \" src=\"https:\/\/lsia.lt\/wp-content\/uploads\/2018\/10\/Gaminiai-12-1100x500.jpg\" width=\"1100\" height=\"500\" alt=\"Gaminiai-12\" title=\"Gaminiai-12\" \/><\/div>\n\t\t<\/div>\n\t<\/div>\n<\/div><\/div><\/div><\/div><\/div><div class=\"qode_content_slider_item\"><div class='q_elements_holder one_column responsive_mode_from_768' ><div class='q_elements_item ' data-animation='no'><div class='q_elements_item_inner'><div class='q_elements_item_content q_elements_holder_custom_519285' style='padding:0px'>\n\t<div class=\"wpb_single_image wpb_content_element vc_align_center  vc_custom_1540211455931\">\n\t\t<div class=\"wpb_wrapper\">\n\t\t\t\n\t\t\t<div class=\"vc_single_image-wrapper   vc_box_border_grey\"><img loading=\"lazy\" decoding=\"async\" class=\"vc_single_image-img \" src=\"https:\/\/lsia.lt\/wp-content\/uploads\/2018\/10\/IMG_0711-1100x500.jpg\" width=\"1100\" height=\"500\" alt=\"IMG_0711\" title=\"IMG_0711\" \/><\/div>\n\t\t<\/div>\n\t<\/div>\n<\/div><\/div><\/div><\/div><\/div><div class=\"qode_content_slider_item\"><div class='q_elements_holder one_column responsive_mode_from_768' ><div class='q_elements_item ' data-animation='no'><div class='q_elements_item_inner'><div class='q_elements_item_content q_elements_holder_custom_786785' style='padding:0px'>\n\t<div class=\"wpb_single_image wpb_content_element vc_align_center  vc_custom_1540211469176\">\n\t\t<div class=\"wpb_wrapper\">\n\t\t\t\n\t\t\t<div class=\"vc_single_image-wrapper   vc_box_border_grey\"><img loading=\"lazy\" decoding=\"async\" class=\"vc_single_image-img \" src=\"https:\/\/lsia.lt\/wp-content\/uploads\/2018\/10\/WP_20160206_10_27_53_Pro-1100x500.jpg\" width=\"1100\" height=\"500\" alt=\"WP_20160206_10_27_53_Pro\" title=\"WP_20160206_10_27_53_Pro\" \/><\/div>\n\t\t<\/div>\n\t<\/div>\n<\/div><\/div><\/div><\/div><\/div><\/div><\/div><\/div><\/div><\/div><\/div><\/div><\/div>\t<div class=\"vc_empty_space\"  style=\"height: 90px\" ><span\n\t\t\tclass=\"vc_empty_space_inner\">\n\t\t\t<span class=\"empty_space_image\"  ><\/span>\n\t\t<\/span><\/div>\n\n<\/div><\/div><\/div><\/div><\/div>\n","protected":false},"excerpt":{"rendered":"Concrete andreinforced concrete Durable, eco-friendly and reliable! About the association Betonas irgel\u017ebetonis. Ilgalaiki\u0161ka, ekologi\u0161ka ir patikima! M\u016bs\u0173 veikla var htmlDiv = document.getElementById(\"rs-plugin-settings-inline-css\"); var htmlDivCss=\"\"; if(htmlDiv) { htmlDiv.innerHTML = htmlDiv.innerHTML + htmlDivCss; }else{ var htmlDiv = document.createElement(\"div\"); htmlDiv.innerHTML = \"\" + htmlDivCss + \"\"; document.getElementsByTagName(\"head\")[0].appendChild(htmlDiv.childNodes[0]); }...","protected":false},"author":1,"featured_media":0,"parent":0,"menu_order":0,"comment_status":"closed","ping_status":"closed","template":"full_width.php","meta":{"footnotes":""},"class_list":["post-360","page","type-page","status-publish","hentry"],"_links":{"self":[{"href":"https:\/\/lsia.lt\/lt\/wp-json\/wp\/v2\/pages\/360","targetHints":{"allow":["GET"]}}],"collection":[{"href":"https:\/\/lsia.lt\/lt\/wp-json\/wp\/v2\/pages"}],"about":[{"href":"https:\/\/lsia.lt\/lt\/wp-json\/wp\/v2\/types\/page"}],"author":[{"embeddable":true,"href":"https:\/\/lsia.lt\/lt\/wp-json\/wp\/v2\/users\/1"}],"replies":[{"embeddable":true,"href":"https:\/\/lsia.lt\/lt\/wp-json\/wp\/v2\/comments?post=360"}],"version-history":[{"count":20,"href":"https:\/\/lsia.lt\/lt\/wp-json\/wp\/v2\/pages\/360\/revisions"}],"predecessor-version":[{"id":704,"href":"https:\/\/lsia.lt\/lt\/wp-json\/wp\/v2\/pages\/360\/revisions\/704"}],"wp:attachment":[{"href":"https:\/\/lsia.lt\/lt\/wp-json\/wp\/v2\/media?parent=360"}],"curies":[{"name":"wp","href":"https:\/\/api.w.org\/{rel}","templated":true}]}}