{"id":399,"date":"2018-10-03T09:19:37","date_gmt":"2018-10-03T09:19:37","guid":{"rendered":"http:\/\/lsia.lt\/?page_id=399"},"modified":"2020-03-13T13:54:14","modified_gmt":"2020-03-13T13:54:14","slug":"apie-2","status":"publish","type":"page","link":"https:\/\/lsia.lt\/lt\/apie-2\/","title":{"rendered":"Apie"},"content":{"rendered":"<div      class=\"vc_row wpb_row section vc_row-fluid  vc_custom_1538559341697 grid_section\" style=' text-align:left;'><div class=\"section_inner clearfix\"><div class='section_inner_margin clearfix'><div class=\"wpb_column vc_column_container vc_col-sm-8\"><div class=\"vc_column-inner\"><div class=\"wpb_wrapper\">\n\t<div class=\"wpb_single_image wpb_content_element vc_align_left\">\n\t\t<div class=\"wpb_wrapper\">\n\t\t\t\n\t\t\t<div class=\"vc_single_image-wrapper   vc_box_border_grey\"><img loading=\"lazy\" decoding=\"async\" class=\"vc_single_image-img\" src=\"https:\/\/lsia.lt\/wp-content\/uploads\/2018\/10\/steel-for-construction-1532065_1920-1000x900.jpg\" width=\"1000\" height=\"900\" alt=\"steel-for-construction-1532065_1920\" title=\"steel-for-construction-1532065_1920\" \/><\/div>\n\t\t<\/div>\n\t<\/div>\n<\/div><\/div><\/div><div class=\"wpb_column vc_column_container vc_col-sm-4\"><div class=\"vc_column-inner\"><div class=\"wpb_wrapper\"><\/div><\/div><\/div><\/div><\/div><\/div><div      class=\"vc_row wpb_row section vc_row-fluid  vc_custom_1538559346131 grid_section\" style=' text-align:left;'><div class=\"section_inner clearfix\"><div class='section_inner_margin clearfix'><div class=\"wpb_column vc_column_container vc_col-sm-4\"><div class=\"vc_column-inner\"><div class=\"wpb_wrapper\"><\/div><\/div><\/div><div class=\"wpb_column vc_column_container vc_col-sm-8\"><div class=\"vc_column-inner vc_custom_1538557808101\"><div class=\"wpb_wrapper\"><div class='q_elements_holder one_column responsive_mode_from_768 shadow-holder' ><div class='q_elements_item' data-animation='no' style='background-color:#ffffff;'><div class='q_elements_item_inner'><div class='q_elements_item_content q_elements_holder_custom_811506' style='padding:8% 8% 9% 8%'>\n\t<div class=\"wpb_text_column wpb_content_element\">\n\t\t<div class=\"wpb_wrapper\">\n\t\t\t<h3 class=\"p1\">Statybos industrijos asociacij\u0105 1994 metais \u012fsteig\u0117 betono ir gel\u017ebetonio gamykl\u0173 atstovai. Steig\u0117jai suformulavo \u0161iuos tikslus:<\/h3>\n\n\t\t<\/div> \n\t<\/div> \t<div class=\"vc_empty_space\"  style=\"height: 16px\" ><span\n\t\t\tclass=\"vc_empty_space_inner\">\n\t\t\t<span class=\"empty_space_image\"  ><\/span>\n\t\t<\/span><\/div>\n\n\n\t<div class=\"wpb_text_column wpb_content_element\">\n\t\t<div class=\"wpb_wrapper\">\n\t\t\t<p>\u2013 telkti Asociacijos nari\u0173 pastangas vykdant statybos med\u017eiag\u0173, gamini\u0173 ir konstrukcij\u0173 gamyb\u0105, statybos ir projektavimo darbus;<\/p>\n<p>\u2013 propaguoti naujas statybos med\u017eiagas ir gaminius, pramon\u0117s technologijas ir pa\u017eangi\u0105 patirt\u012f, rengti gamini\u0173 naudojimo rekomendacijas ir taisykles;<\/p>\n<p>\u2013 teikti Asociacijos nariams konsultacijas ir metodin\u0119 pagalb\u0105;<\/p>\n<p>\u2013 tobulinti vadov\u0173 ir specialist\u0173 kvalifikacij\u0105;<\/p>\n<p>\u2013 kaupti normatyvin\u0119 ir metodin\u0119 informacij\u0105, pad\u0117ti nariams ja apsir\u016bpinti;<\/p>\n<p>\u2013 siekti, kad Asociacijos nariai gal\u0117t\u0173 konkuruoti su kitomis \u012fmon\u0117mis;<\/p>\n<p>\u2013 pad\u0117ti u\u017emegzti ekonominius ry\u0161ius su u\u017esienio valstybi\u0173 \u012fmon\u0117mis bei organizacijomis, vystyti reklam\u0105 ir skatinti komercij\u0105;<\/p>\n<p>\u2013 atstovauti Asociacijos nari\u0173 interesams valstyb\u0117s vald\u017eios ir valdymo organuose;<\/p>\n<p>\u2013 dalyvauti \u0161alies ir tarptautin\u0117se parodose ir visokeriopai skatinti nari\u0173 dalyvavim\u0105; dalyvauti standartizuojant ir sertifikuojant statybos produktus, pad\u0117ti nariams diegti ES normatyvinius techninius reikalavimus;<\/p>\n<p>\u2013 dalyvauti ruo\u0161iant Europos S\u0105jungos ir Lietuvos Respublikos institucijoms statybos, statybini\u0173 med\u017eiag\u0173 ir gamini\u0173 normatyvini\u0173 technini\u0173 dokument\u0173 projektus bei inicijuoti \u0161i\u0173 projekt\u0173 ruo\u0161im\u0105;<\/p>\n<p>\u2013 koordinuoti asociacijos nari\u0173 veikl\u0105 Standart\u0173 techniniuose komitetuose, dalyvaujant ES normatyvin\u0117s dokumentacijos projekt\u0173 derinimo ir balsavimo proced\u016brose.<\/p>\n\n\t\t<\/div> \n\t<\/div> <\/div><\/div><\/div><\/div><\/div><\/div><\/div><\/div><\/div><\/div><div      class=\"vc_row wpb_row section vc_row-fluid\" style='background-image:url(https:\/\/lsia.lt\/wp-content\/uploads\/2018\/04\/home-parallax-2.jpg); text-align:left;'><div class=\"full_section_inner clearfix\"><div class=\"wpb_column vc_column_container vc_col-sm-12\"><div class=\"vc_column-inner\"><div class=\"wpb_wrapper\"><div class='q_elements_holder one_column responsive_mode_from_768' ><div class='q_elements_item' data-animation='no' style='text-align:center;'><div class='q_elements_item_inner'><div class='q_elements_item_content q_elements_holder_custom_182688' style='padding:90px 16% 70px'><style type=\"text\/css\" data-type=\"q_elements_custom_padding\" scoped>@media only screen and (min-width: 768px) and (max-width: 1024px) { .q_elements_item_content.q_elements_holder_custom_182688{ padding: 90px 10% 70px !important;}}@media only screen and (min-width: 600px) and (max-width: 768px) { .q_elements_item_content.q_elements_holder_custom_182688{ padding: 90px 4% 70px !important;}}@media only screen and (min-width: 480px) and (max-width: 600px) { .q_elements_item_content.q_elements_holder_custom_182688{ padding: 90px 0% 70px !important;}}@media only screen and (max-width: 480px) { .q_elements_item_content.q_elements_holder_custom_182688{ padding: 90px 0% 70px !important;}}<\/style>\n\t<div class=\"wpb_text_column wpb_content_element\">\n\t\t<div class=\"wpb_wrapper\">\n\t\t\t<h3>Pagrindin\u0117 asociacijos nari\u0173 gaminama produkcija ir paslaugos:<\/h3>\n\n\t\t<\/div> \n\t<\/div> \t<div class=\"vc_empty_space\"  style=\"height: 16px\" ><span\n\t\t\tclass=\"vc_empty_space_inner\">\n\t\t\t<span class=\"empty_space_image\"  ><\/span>\n\t\t<\/span><\/div>\n\n<\/div><\/div><\/div><\/div><div      class=\"vc_row wpb_row section vc_row-fluid vc_inner\" style=' text-align:left;'><div class=\"full_section_inner clearfix\"><div class=\"wpb_column vc_column_container vc_col-sm-12 vc_col-md-4\"><div class=\"vc_column-inner vc_custom_1523537407628\"><div class=\"wpb_wrapper\"><div class='q_icon_with_title tiny normal_icon center'><div class=\"icon_holder q_icon_animation\" style=\" \"><span data-icon-type=\"normal\"   style=\"\" class=\"qode_iwt_icon_holder q_font_awsome_icon fa-lg\"><i class=\"qode_icon_font_awesome fa fa-check qode_iwt_icon_element\" style=\"\" ><\/i><\/span><\/div><div class=\"icon_text_holder\" style=\"\"><div class=\"icon_text_inner\" style=\"\"><h4 class=\"icon_title\" style=\"\">Betono ir statybinio skiedinio mi\u0161iniai.<\/h4><p style=''><\/p><\/div><\/div><\/div>\t<div class=\"vc_empty_space\"  style=\"height: 32px\" ><span\n\t\t\tclass=\"vc_empty_space_inner\">\n\t\t\t<span class=\"empty_space_image\"  ><\/span>\n\t\t<\/span><\/div>\n\n<\/div><\/div><\/div><div class=\"wpb_column vc_column_container vc_col-sm-12 vc_col-md-4\"><div class=\"vc_column-inner vc_custom_1523537413472\"><div class=\"wpb_wrapper\"><div class='q_icon_with_title tiny normal_icon center'><div class=\"icon_holder q_icon_animation\" style=\" \"><span data-icon-type=\"normal\"   style=\"\" class=\"qode_iwt_icon_holder q_font_awsome_icon fa-lg\"><i class=\"qode_icon_font_awesome fa fa-check qode_iwt_icon_element\" style=\"\" ><\/i><\/span><\/div><div class=\"icon_text_holder\" style=\"\"><div class=\"icon_text_inner\" style=\"\"><h4 class=\"icon_title\" style=\"\">Betono ir gel\u017ebetonio gaminiai pastatams, statiniams, in\u017einerin\u0117ms komunikacijos, keliams, tiltams gatv\u0117ms ir aplinkos tvarkymo darbams.<\/h4><p style=''><\/p><\/div><\/div><\/div>\t<div class=\"vc_empty_space\"  style=\"height: 32px\" ><span\n\t\t\tclass=\"vc_empty_space_inner\">\n\t\t\t<span class=\"empty_space_image\"  ><\/span>\n\t\t<\/span><\/div>\n\n<\/div><\/div><\/div><div class=\"wpb_column vc_column_container vc_col-sm-12 vc_col-md-4\"><div class=\"vc_column-inner vc_custom_1523537419376\"><div class=\"wpb_wrapper\"><div class='q_icon_with_title tiny normal_icon center'><div class=\"icon_holder q_icon_animation\" style=\" \"><span data-icon-type=\"normal\"   style=\"\" class=\"qode_iwt_icon_holder q_font_awsome_icon fa-lg\"><i class=\"qode_icon_font_awesome fa fa-check qode_iwt_icon_element\" style=\"\" ><\/i><\/span><\/div><div class=\"icon_text_holder\" style=\"\"><div class=\"icon_text_inner\" style=\"\"><h4 class=\"icon_title\" style=\"\">Armat\u016brinio plieno gaminiai.<\/h4><p style=''><\/p><\/div><\/div><\/div>\t<div class=\"vc_empty_space\"  style=\"height: 32px\" ><span\n\t\t\tclass=\"vc_empty_space_inner\">\n\t\t\t<span class=\"empty_space_image\"  ><\/span>\n\t\t<\/span><\/div>\n\n<\/div><\/div><\/div><\/div><\/div><div      class=\"vc_row wpb_row section vc_row-fluid vc_inner\" style=' text-align:left;'><div class=\"full_section_inner clearfix\"><div class=\"wpb_column vc_column_container vc_col-sm-12 vc_col-md-4\"><div class=\"vc_column-inner vc_custom_1523537407628\"><div class=\"wpb_wrapper\"><div class='q_icon_with_title tiny normal_icon center'><div class=\"icon_holder q_icon_animation\" style=\" \"><span data-icon-type=\"normal\"   style=\"\" class=\"qode_iwt_icon_holder q_font_awsome_icon fa-lg\"><i class=\"qode_icon_font_awesome fa fa-check qode_iwt_icon_element\" style=\"\" ><\/i><\/span><\/div><div class=\"icon_text_holder\" style=\"\"><div class=\"icon_text_inner\" style=\"\"><h4 class=\"icon_title\" style=\"\">Cementas.<\/h4><p style=''><\/p><\/div><\/div><\/div>\t<div class=\"vc_empty_space\"  style=\"height: 32px\" ><span\n\t\t\tclass=\"vc_empty_space_inner\">\n\t\t\t<span class=\"empty_space_image\"  ><\/span>\n\t\t<\/span><\/div>\n\n<\/div><\/div><\/div><div class=\"wpb_column vc_column_container vc_col-sm-12 vc_col-md-4\"><div class=\"vc_column-inner vc_custom_1523537413472\"><div class=\"wpb_wrapper\"><div class='q_icon_with_title tiny normal_icon center'><div class=\"icon_holder q_icon_animation\" style=\" \"><span data-icon-type=\"normal\"   style=\"\" class=\"qode_iwt_icon_holder q_font_awsome_icon fa-lg\"><i class=\"qode_icon_font_awesome fa fa-check qode_iwt_icon_element\" style=\"\" ><\/i><\/span><\/div><div class=\"icon_text_holder\" style=\"\"><div class=\"icon_text_inner\" style=\"\"><h4 class=\"icon_title\" style=\"\">U\u017epildai betono mi\u0161iniams ir keli\u0173 statybai (sm\u0117lis, \u017evirg\u017edas, skalda).<\/h4><p style=''><\/p><\/div><\/div><\/div>\t<div class=\"vc_empty_space\"  style=\"height: 32px\" ><span\n\t\t\tclass=\"vc_empty_space_inner\">\n\t\t\t<span class=\"empty_space_image\"  ><\/span>\n\t\t<\/span><\/div>\n\n<\/div><\/div><\/div><div class=\"wpb_column vc_column_container vc_col-sm-12 vc_col-md-4\"><div class=\"vc_column-inner vc_custom_1523537419376\"><div class=\"wpb_wrapper\"><div class='q_icon_with_title tiny normal_icon center'><div class=\"icon_holder q_icon_animation\" style=\" \"><span data-icon-type=\"normal\"   style=\"\" class=\"qode_iwt_icon_holder q_font_awsome_icon fa-lg\"><i class=\"qode_icon_font_awesome fa fa-check qode_iwt_icon_element\" style=\"\" ><\/i><\/span><\/div><div class=\"icon_text_holder\" style=\"\"><div class=\"icon_text_inner\" style=\"\"><h4 class=\"icon_title\" style=\"\">Asfaltbetonis.<\/h4><p style=''><\/p><\/div><\/div><\/div>\t<div class=\"vc_empty_space\"  style=\"height: 32px\" ><span\n\t\t\tclass=\"vc_empty_space_inner\">\n\t\t\t<span class=\"empty_space_image\"  ><\/span>\n\t\t<\/span><\/div>\n\n<\/div><\/div><\/div><\/div><\/div><div      class=\"vc_row wpb_row section vc_row-fluid vc_inner  vc_custom_1539673041721\" style=' text-align:left;'><div class=\"full_section_inner clearfix\"><div class=\"wpb_column vc_column_container vc_col-sm-12 vc_col-md-4\"><div class=\"vc_column-inner vc_custom_1523537407628\"><div class=\"wpb_wrapper\"><div class='q_icon_with_title tiny normal_icon center'><div class=\"icon_holder q_icon_animation\" style=\" \"><span data-icon-type=\"normal\"   style=\"\" class=\"qode_iwt_icon_holder q_font_awsome_icon fa-lg\"><i class=\"qode_icon_font_awesome fa fa-check qode_iwt_icon_element\" style=\"\" ><\/i><\/span><\/div><div class=\"icon_text_holder\" style=\"\"><div class=\"icon_text_inner\" style=\"\"><h4 class=\"icon_title\" style=\"\">Polistireninis putplastis pastat\u0173 \u0161iltinimo darbams.<\/h4><p style=''><\/p><\/div><\/div><\/div>\t<div class=\"vc_empty_space\"  style=\"height: 32px\" ><span\n\t\t\tclass=\"vc_empty_space_inner\">\n\t\t\t<span class=\"empty_space_image\"  ><\/span>\n\t\t<\/span><\/div>\n\n<\/div><\/div><\/div><div class=\"wpb_column vc_column_container vc_col-sm-12 vc_col-md-4\"><div class=\"vc_column-inner vc_custom_1523537413472\"><div class=\"wpb_wrapper\"><div class='q_icon_with_title tiny normal_icon center'><div class=\"icon_holder q_icon_animation\" style=\" \"><span data-icon-type=\"normal\"   style=\"\" class=\"qode_iwt_icon_holder q_font_awsome_icon fa-lg\"><i class=\"qode_icon_font_awesome fa fa-check qode_iwt_icon_element\" style=\"\" ><\/i><\/span><\/div><div class=\"icon_text_holder\" style=\"\"><div class=\"icon_text_inner\" style=\"\"><h4 class=\"icon_title\" style=\"\">Betono mi\u0161ini\u0173 ir gamini\u0173 transportavimas, pastat\u0173 dali\u0173 projektavimas, statybos ir montavimo darbai.<\/h4><p style=''><\/p><\/div><\/div><\/div>\t<div class=\"vc_empty_space\"  style=\"height: 32px\" ><span\n\t\t\tclass=\"vc_empty_space_inner\">\n\t\t\t<span class=\"empty_space_image\"  ><\/span>\n\t\t<\/span><\/div>\n\n<\/div><\/div><\/div><div class=\"wpb_column vc_column_container vc_col-sm-12 vc_col-md-4\"><div class=\"vc_column-inner vc_custom_1523537419376\"><div class=\"wpb_wrapper\"><div class='q_icon_with_title tiny normal_icon center'><div class=\"icon_holder q_icon_animation\" style=\" \"><span data-icon-type=\"normal\"   style=\"\" class=\"qode_iwt_icon_holder q_font_awsome_icon fa-lg\"><i class=\"qode_icon_font_awesome fa fa-check qode_iwt_icon_element\" style=\"\" ><\/i><\/span><\/div><div class=\"icon_text_holder\" style=\"\"><div class=\"icon_text_inner\" style=\"\"><h4 class=\"icon_title\" style=\"\">Betono, mi\u0161ini\u0173, cemento, betono ir gel\u017ebetonio gamini\u0173 bandymai.<\/h4><p style=''><\/p><\/div><\/div><\/div>\t<div class=\"vc_empty_space\"  style=\"height: 32px\" ><span\n\t\t\tclass=\"vc_empty_space_inner\">\n\t\t\t<span class=\"empty_space_image\"  ><\/span>\n\t\t<\/span><\/div>\n\n<\/div><\/div><\/div><\/div><\/div><\/div><\/div><\/div><\/div><\/div>","protected":false},"excerpt":{"rendered":"The construction industry association was established in 1994 by representatives of concrete and reinforced concrete factories. The founders formulated the following goals: - mobilise the efforts of the members of the Association in the production, construction and design of building materials, products and structures; -...","protected":false},"author":1,"featured_media":0,"parent":0,"menu_order":0,"comment_status":"closed","ping_status":"closed","template":"full_width.php","meta":{"footnotes":""},"class_list":["post-399","page","type-page","status-publish","hentry"],"_links":{"self":[{"href":"https:\/\/lsia.lt\/lt\/wp-json\/wp\/v2\/pages\/399","targetHints":{"allow":["GET"]}}],"collection":[{"href":"https:\/\/lsia.lt\/lt\/wp-json\/wp\/v2\/pages"}],"about":[{"href":"https:\/\/lsia.lt\/lt\/wp-json\/wp\/v2\/types\/page"}],"author":[{"embeddable":true,"href":"https:\/\/lsia.lt\/lt\/wp-json\/wp\/v2\/users\/1"}],"replies":[{"embeddable":true,"href":"https:\/\/lsia.lt\/lt\/wp-json\/wp\/v2\/comments?post=399"}],"version-history":[{"count":47,"href":"https:\/\/lsia.lt\/lt\/wp-json\/wp\/v2\/pages\/399\/revisions"}],"predecessor-version":[{"id":698,"href":"https:\/\/lsia.lt\/lt\/wp-json\/wp\/v2\/pages\/399\/revisions\/698"}],"wp:attachment":[{"href":"https:\/\/lsia.lt\/lt\/wp-json\/wp\/v2\/media?parent=399"}],"curies":[{"name":"wp","href":"https:\/\/api.w.org\/{rel}","templated":true}]}}