{"id":822,"date":"2020-06-01T09:37:26","date_gmt":"2020-06-01T09:37:26","guid":{"rendered":"http:\/\/lsia.lt\/?page_id=822"},"modified":"2020-07-13T13:07:24","modified_gmt":"2020-07-13T13:07:24","slug":"studiju-programos-informacija","status":"publish","type":"page","link":"https:\/\/lsia.lt\/lt\/studiju-programos-informacija\/","title":{"rendered":"Studijos ir kvalifikacijos k\u0117limas"},"content":{"rendered":"<div      class=\"vc_row wpb_row section vc_row-fluid\" style=' text-align:left;'><div class=\"full_section_inner clearfix\"><div class=\"wpb_column vc_column_container vc_col-sm-12\"><div class=\"vc_column-inner\"><div class=\"wpb_wrapper\">\t<div class=\"vc_empty_space\"  style=\"height: 32px\" ><span\n\t\t\tclass=\"vc_empty_space_inner\">\n\t\t\t<span class=\"empty_space_image\"  ><\/span>\n\t\t<\/span><\/div>\n\n\n\t<div class=\"wpb_text_column wpb_content_element\">\n\t\t<div class=\"wpb_wrapper\">\n\t\t\t\n\t\t<\/div> \n\t<\/div> \n\t<div class=\"wpb_text_column wpb_content_element\">\n\t\t<div class=\"wpb_wrapper\">\n\t\t\t\n\t\t<\/div> \n\t<\/div> \n\t<div class=\"wpb_text_column wpb_content_element\">\n\t\t<div class=\"wpb_wrapper\">\n\t\t\t<p>Informacij\u0105 apie <strong>Vilniaus Gedimino technikos universiteto<\/strong> ir <strong>Kauno technologijos universiteto<\/strong> statybini\u0173 med\u017eiag\u0173 technolog\u0173 rengimo universitetini\u0173 studij\u0173 programas galite rasti \u010dia.<\/p>\n\n\t\t<\/div> \n\t<\/div> \t<div class=\"vc_empty_space\"  style=\"height: 32px\" ><span\n\t\t\tclass=\"vc_empty_space_inner\">\n\t\t\t<span class=\"empty_space_image\"  ><\/span>\n\t\t<\/span><\/div>\n\n\n\t<div class=\"wpb_text_column wpb_content_element\">\n\t\t<div class=\"wpb_wrapper\">\n\t\t\t<p><strong>Vilniaus Gedimino technikos universitetas<\/strong> &#8211;\u00a0<a href=\"https:\/\/www.vgtu.lt\/studentams\/studiju-programos\/magistranturos-studiju-programos\/26680?element_id=320664&amp;sp_id=59&amp;f_id=7&amp;qualification=a%3A1%3A%7Bi%3A0%3Bs%3A1%3A&quot;M&quot;%3B%7D\">https:\/\/www.vgtu.lt\/studentams\/studiju-programos\/magistranturos-studiju-programos\/26680?element_id=320664&amp;sp_id=59&amp;f_id=7&amp;qualification=a%3A1%3A%7Bi%3A0%3Bs%3A1%3A&#8221;M&#8221;%3B%7D<\/a><\/p>\n\n\t\t<\/div> \n\t<\/div> \t<div class=\"vc_empty_space\"  style=\"height: 32px\" ><span\n\t\t\tclass=\"vc_empty_space_inner\">\n\t\t\t<span class=\"empty_space_image\"  ><\/span>\n\t\t<\/span><\/div>\n\n\n\t<div class=\"wpb_text_column wpb_content_element\">\n\t\t<div class=\"wpb_wrapper\">\n\t\t\t<p><strong>Kauno technologijos universitetas<\/strong> &#8211;\u00a0<a id=\"LPlnk214694\" class=\"x_OWAAutoLink\" tabindex=\"-1\" href=\"https:\/\/stojantiesiems.ktu.edu\/programme\/m-statybiniu-konstrukciju-ir-gaminiu-inzinerija\/\" target=\"_blank\" rel=\"noopener noreferrer\">https:\/\/stojantiesiems.ktu.edu\/programme\/m-statybiniu-konstrukciju-ir-gaminiu-inzinerija\/<\/a><\/p>\n\n\t\t<\/div> \n\t<\/div> \t<div class=\"vc_empty_space\"  style=\"height: 32px\" ><span\n\t\t\tclass=\"vc_empty_space_inner\">\n\t\t\t<span class=\"empty_space_image\"  ><\/span>\n\t\t<\/span><\/div>\n\n\t<div class=\"vc_empty_space\"  style=\"height: 32px\" ><span\n\t\t\tclass=\"vc_empty_space_inner\">\n\t\t\t<span class=\"empty_space_image\"  ><\/span>\n\t\t<\/span><\/div>\n\n<\/div><\/div><\/div><\/div><\/div>","protected":false},"excerpt":{"rendered":"Informacij\u0105 apie Vilniaus Gedimino technikos universiteto ir Kauno technologijos universiteto statybini\u0173 med\u017eiag\u0173 technolog\u0173 rengimo universitetini\u0173 studij\u0173 programas galite rasti \u010dia. Vilniaus Gedimino technikos universitetas -\u00a0https:\/\/www.vgtu.lt\/studentams\/studiju-programos\/magistranturos-studiju-programos\/26680?element_id=320664&amp;sp_id=59&amp;f_id=7&amp;qualification=a%3A1%3A%7Bi%3A0%3Bs%3A1%3A\"M\"%3B%7D Kauno technologijos universitetas -\u00a0https:\/\/stojantiesiems.ktu.edu\/programme\/m-statybiniu-konstrukciju-ir-gaminiu-inzinerija\/","protected":false},"author":1,"featured_media":0,"parent":0,"menu_order":0,"comment_status":"closed","ping_status":"closed","template":"","meta":{"footnotes":""},"class_list":["post-822","page","type-page","status-publish","hentry"],"_links":{"self":[{"href":"https:\/\/lsia.lt\/lt\/wp-json\/wp\/v2\/pages\/822","targetHints":{"allow":["GET"]}}],"collection":[{"href":"https:\/\/lsia.lt\/lt\/wp-json\/wp\/v2\/pages"}],"about":[{"href":"https:\/\/lsia.lt\/lt\/wp-json\/wp\/v2\/types\/page"}],"author":[{"embeddable":true,"href":"https:\/\/lsia.lt\/lt\/wp-json\/wp\/v2\/users\/1"}],"replies":[{"embeddable":true,"href":"https:\/\/lsia.lt\/lt\/wp-json\/wp\/v2\/comments?post=822"}],"version-history":[{"count":17,"href":"https:\/\/lsia.lt\/lt\/wp-json\/wp\/v2\/pages\/822\/revisions"}],"predecessor-version":[{"id":851,"href":"https:\/\/lsia.lt\/lt\/wp-json\/wp\/v2\/pages\/822\/revisions\/851"}],"wp:attachment":[{"href":"https:\/\/lsia.lt\/lt\/wp-json\/wp\/v2\/media?parent=822"}],"curies":[{"name":"wp","href":"https:\/\/api.w.org\/{rel}","templated":true}]}}